{"id":1060,"date":"2023-12-27T00:39:08","date_gmt":"2023-12-26T23:39:08","guid":{"rendered":"https:\/\/eho-group.com\/?page_id=1060"},"modified":"2026-01-19T12:25:52","modified_gmt":"2026-01-19T11:25:52","slug":"marketing","status":"publish","type":"page","link":"https:\/\/eho-group.com\/ca\/equipo\/marketing\/","title":{"rendered":"M\u00e0rqueting"},"content":{"rendered":"<div data-elementor-type=\"wp-page\" data-elementor-id=\"1060\" class=\"elementor elementor-1060\" data-elementor-post-type=\"page\">\n\t\t\t\t\t\t<section class=\"elementor-section elementor-top-section elementor-element elementor-element-7099541 elementor-section-stretched elementor-section-boxed elementor-section-height-default elementor-section-height-default\" data-id=\"7099541\" data-element_type=\"section\" data-e-type=\"section\" data-settings=\"{&quot;stretch_section&quot;:&quot;section-stretched&quot;,&quot;background_background&quot;:&quot;classic&quot;}\">\n\t\t\t\t\t\t<div class=\"elementor-container elementor-column-gap-default\">\n\t\t\t\t\t<div class=\"elementor-column elementor-col-100 elementor-top-column elementor-element elementor-element-e527565\" data-id=\"e527565\" data-element_type=\"column\" data-e-type=\"column\">\n\t\t\t<div class=\"elementor-widget-wrap elementor-element-populated\">\n\t\t\t\t\t\t<div class=\"elementor-element elementor-element-a7560a6 elementor-widget elementor-widget-heading\" data-id=\"a7560a6\" data-element_type=\"widget\" data-e-type=\"widget\" data-widget_type=\"heading.default\">\n\t\t\t\t<div class=\"elementor-widget-container\">\n\t\t\t\t\t<h2 class=\"elementor-heading-title elementor-size-default\">Coneix el nostre equip<\/h2>\t\t\t\t<\/div>\n\t\t\t\t<\/div>\n\t\t\t\t\t<\/div>\n\t\t<\/div>\n\t\t\t\t\t<\/div>\n\t\t<\/section>\n\t\t\t\t<section class=\"elementor-section elementor-top-section elementor-element elementor-element-538a9cf elementor-section-boxed elementor-section-height-default elementor-section-height-default\" data-id=\"538a9cf\" data-element_type=\"section\" data-e-type=\"section\">\n\t\t\t\t\t\t<div class=\"elementor-container elementor-column-gap-default\">\n\t\t\t\t\t<div class=\"elementor-column elementor-col-100 elementor-top-column elementor-element elementor-element-2fcf092\" data-id=\"2fcf092\" data-element_type=\"column\" data-e-type=\"column\">\n\t\t\t<div class=\"elementor-widget-wrap elementor-element-populated\">\n\t\t\t\t\t\t<div class=\"elementor-element elementor-element-037df80 elementor-icon-list--layout-inline elementor-align-center elementor-list-item-link-full_width elementor-widget elementor-widget-icon-list\" data-id=\"037df80\" data-element_type=\"widget\" data-e-type=\"widget\" data-widget_type=\"icon-list.default\">\n\t\t\t\t<div class=\"elementor-widget-container\">\n\t\t\t\t\t\t\t<ul class=\"elementor-icon-list-items elementor-inline-items\">\n\t\t\t\t\t\t\t<li class=\"elementor-icon-list-item elementor-inline-item\">\n\t\t\t\t\t\t\t\t\t\t\t<a href=\"http:\/\/eho-group.com\/ca\/equipo\/\">\n\n\t\t\t\t\t\t\t\t\t\t\t<span class=\"elementor-icon-list-text\">Tots<\/span>\n\t\t\t\t\t\t\t\t\t\t\t<\/a>\n\t\t\t\t\t\t\t\t\t<\/li>\n\t\t\t\t\t\t\t\t<li class=\"elementor-icon-list-item elementor-inline-item\">\n\t\t\t\t\t\t\t\t\t\t\t<a href=\"http:\/\/eho-group.com\/ca\/equipo\/direccion\/\">\n\n\t\t\t\t\t\t\t\t\t\t\t<span class=\"elementor-icon-list-text\">Direcci\u00f3<\/span>\n\t\t\t\t\t\t\t\t\t\t\t<\/a>\n\t\t\t\t\t\t\t\t\t<\/li>\n\t\t\t\t\t\t\t\t<li class=\"elementor-icon-list-item elementor-inline-item\">\n\t\t\t\t\t\t\t\t\t\t\t<a href=\"http:\/\/eho-group.com\/ca\/equipo\/financiero-y-administracion\/\">\n\n\t\t\t\t\t\t\t\t\t\t\t<span class=\"elementor-icon-list-text\">Departament Financer i Administraci\u00f3<\/span>\n\t\t\t\t\t\t\t\t\t\t\t<\/a>\n\t\t\t\t\t\t\t\t\t<\/li>\n\t\t\t\t\t\t\t\t<li class=\"elementor-icon-list-item elementor-inline-item\">\n\t\t\t\t\t\t\t\t\t\t\t<a href=\"http:\/\/eho-group.com\/ca\/equipo\/comercial\/\">\n\n\t\t\t\t\t\t\t\t\t\t\t<span class=\"elementor-icon-list-text\">Departament Comercial<\/span>\n\t\t\t\t\t\t\t\t\t\t\t<\/a>\n\t\t\t\t\t\t\t\t\t<\/li>\n\t\t\t\t\t\t\t\t<li class=\"elementor-icon-list-item elementor-inline-item\">\n\t\t\t\t\t\t\t\t\t\t\t<a href=\"http:\/\/eho-group.com\/ca\/equipo\/operativo\/\">\n\n\t\t\t\t\t\t\t\t\t\t\t<span class=\"elementor-icon-list-text\">Departament Operatiu<\/span>\n\t\t\t\t\t\t\t\t\t\t\t<\/a>\n\t\t\t\t\t\t\t\t\t<\/li>\n\t\t\t\t\t\t\t\t<li class=\"elementor-icon-list-item elementor-inline-item\">\n\t\t\t\t\t\t\t\t\t\t<span class=\"elementor-icon-list-text\"><b>Departament de Marketing<\/b><\/span>\n\t\t\t\t\t\t\t\t\t<\/li>\n\t\t\t\t\t\t\t\t<li class=\"elementor-icon-list-item elementor-inline-item\">\n\t\t\t\t\t\t\t\t\t\t\t<a href=\"http:\/\/eho-group.com\/ca\/equipo\/compras\/\">\n\n\t\t\t\t\t\t\t\t\t\t\t<span class=\"elementor-icon-list-text\">Departament de Compres<\/span>\n\t\t\t\t\t\t\t\t\t\t\t<\/a>\n\t\t\t\t\t\t\t\t\t<\/li>\n\t\t\t\t\t\t<\/ul>\n\t\t\t\t\t\t<\/div>\n\t\t\t\t<\/div>\n\t\t\t\t\t<\/div>\n\t\t<\/div>\n\t\t\t\t\t<\/div>\n\t\t<\/section>\n\t\t\t\t<section class=\"elementor-section elementor-top-section elementor-element elementor-element-7ed6ae5 elementor-section-boxed elementor-section-height-default elementor-section-height-default\" data-id=\"7ed6ae5\" data-element_type=\"section\" data-e-type=\"section\">\n\t\t\t\t\t\t<div class=\"elementor-container elementor-column-gap-default\">\n\t\t\t\t\t<div class=\"elementor-column elementor-col-25 elementor-top-column elementor-element elementor-element-c8f378f\" data-id=\"c8f378f\" data-element_type=\"column\" data-e-type=\"column\">\n\t\t\t<div class=\"elementor-widget-wrap elementor-element-populated\">\n\t\t\t\t\t\t<div class=\"elementor-element elementor-element-4635af1 elementor-widget elementor-widget-image\" data-id=\"4635af1\" data-element_type=\"widget\" data-e-type=\"widget\" data-widget_type=\"image.default\">\n\t\t\t\t<div class=\"elementor-widget-container\">\n\t\t\t\t\t\t\t\t\t\t\t\t\t\t\t\t<a href=\"https:\/\/eho-group.com\/ca\/equipo\/cristina-sonsona\/\" target=\"_blank\">\n\t\t\t\t\t\t\t<img fetchpriority=\"high\" decoding=\"async\" width=\"438\" height=\"398\" src=\"https:\/\/eho-group.com\/wp-content\/uploads\/2024\/09\/neus-1.webp\" class=\"attachment-large size-large wp-image-1655\" alt=\"\" srcset=\"https:\/\/eho-group.com\/wp-content\/uploads\/2024\/09\/neus-1.webp 438w, https:\/\/eho-group.com\/wp-content\/uploads\/2024\/09\/neus-1-300x273.webp 300w, https:\/\/eho-group.com\/wp-content\/uploads\/2024\/09\/neus-1-13x12.webp 13w\" sizes=\"(max-width: 438px) 100vw, 438px\" \/>\t\t\t\t\t\t\t\t<\/a>\n\t\t\t\t\t\t\t\t\t\t\t\t\t\t\t<\/div>\n\t\t\t\t<\/div>\n\t\t\t\t<div class=\"elementor-element elementor-element-f9250ae elementor-align-center elementor-icon-list--layout-traditional elementor-list-item-link-full_width elementor-widget elementor-widget-icon-list\" data-id=\"f9250ae\" data-element_type=\"widget\" data-e-type=\"widget\" data-widget_type=\"icon-list.default\">\n\t\t\t\t<div class=\"elementor-widget-container\">\n\t\t\t\t\t\t\t<ul class=\"elementor-icon-list-items\">\n\t\t\t\t\t\t\t<li class=\"elementor-icon-list-item\">\n\t\t\t\t\t\t\t\t\t\t\t<a href=\"mailto:socialmedia@eho-group.com\">\n\n\t\t\t\t\t\t\t\t\t\t\t\t<span class=\"elementor-icon-list-icon\">\n\t\t\t\t\t\t\t<i aria-hidden=\"true\" class=\"fas fa-envelope\"><\/i>\t\t\t\t\t\t<\/span>\n\t\t\t\t\t\t\t\t\t\t<span class=\"elementor-icon-list-text\">socialmedia@eho-group.com<\/span>\n\t\t\t\t\t\t\t\t\t\t\t<\/a>\n\t\t\t\t\t\t\t\t\t<\/li>\n\t\t\t\t\t\t<\/ul>\n\t\t\t\t\t\t<\/div>\n\t\t\t\t<\/div>\n\t\t\t\t\t<\/div>\n\t\t<\/div>\n\t\t\t\t<div class=\"elementor-column elementor-col-25 elementor-top-column elementor-element elementor-element-bfba6bb\" data-id=\"bfba6bb\" data-element_type=\"column\" data-e-type=\"column\">\n\t\t\t<div class=\"elementor-widget-wrap\">\n\t\t\t\t\t\t\t<\/div>\n\t\t<\/div>\n\t\t\t\t<div class=\"elementor-column elementor-col-25 elementor-top-column elementor-element elementor-element-7a941b8\" data-id=\"7a941b8\" data-element_type=\"column\" data-e-type=\"column\">\n\t\t\t<div class=\"elementor-widget-wrap\">\n\t\t\t\t\t\t\t<\/div>\n\t\t<\/div>\n\t\t\t\t<div class=\"elementor-column elementor-col-25 elementor-top-column elementor-element elementor-element-38a5703\" data-id=\"38a5703\" data-element_type=\"column\" data-e-type=\"column\">\n\t\t\t<div class=\"elementor-widget-wrap\">\n\t\t\t\t\t\t\t<\/div>\n\t\t<\/div>\n\t\t\t\t\t<\/div>\n\t\t<\/section>\n\t\t\t\t<section class=\"elementor-section elementor-top-section elementor-element elementor-element-7d7f842 elementor-section-full_width elementor-section-height-default elementor-section-height-default\" data-id=\"7d7f842\" data-element_type=\"section\" data-e-type=\"section\" data-settings=\"{&quot;background_background&quot;:&quot;classic&quot;}\">\n\t\t\t\t\t\t<div class=\"elementor-container elementor-column-gap-default\">\n\t\t\t\t\t<div class=\"elementor-column elementor-col-100 elementor-top-column elementor-element elementor-element-f1ad962\" data-id=\"f1ad962\" data-element_type=\"column\" data-e-type=\"column\">\n\t\t\t<div class=\"elementor-widget-wrap elementor-element-populated\">\n\t\t\t\t\t\t<div class=\"elementor-element elementor-element-c7a5269 elementor-widget elementor-widget-heading\" data-id=\"c7a5269\" data-element_type=\"widget\" data-e-type=\"widget\" data-widget_type=\"heading.default\">\n\t\t\t\t<div class=\"elementor-widget-container\">\n\t\t\t\t\t<h2 class=\"elementor-heading-title elementor-size-default\">Vols treballar amb nosaltres?<\/h2>\t\t\t\t<\/div>\n\t\t\t\t<\/div>\n\t\t\t\t<div class=\"elementor-element elementor-element-cd6255f elementor-align-center elementor-widget elementor-widget-button\" data-id=\"cd6255f\" data-element_type=\"widget\" data-e-type=\"widget\" data-widget_type=\"button.default\">\n\t\t\t\t<div class=\"elementor-widget-container\">\n\t\t\t\t\t\t\t\t\t<div class=\"elementor-button-wrapper\">\n\t\t\t\t\t<a class=\"elementor-button elementor-button-link elementor-size-md\" href=\"https:\/\/ehogroup.factorialhr.es\/\">\n\t\t\t\t\t\t<span class=\"elementor-button-content-wrapper\">\n\t\t\t\t\t\t\t\t\t<span class=\"elementor-button-text\">M'encantaria<\/span>\n\t\t\t\t\t<\/span>\n\t\t\t\t\t<\/a>\n\t\t\t\t<\/div>\n\t\t\t\t\t\t\t\t<\/div>\n\t\t\t\t<\/div>\n\t\t\t\t\t<\/div>\n\t\t<\/div>\n\t\t\t\t\t<\/div>\n\t\t<\/section>\n\t\t\t\t<\/div>","protected":false},"excerpt":{"rendered":"<p>Coneix el nostre equip Tots Direcci\u00f3 Departament Financer i Administraci\u00f3 Departament Comercial Departament Operatiu Departament de M\u00e0rqueting Departament de Compres socialmedia@eho-group.com Vols treballar amb nosaltres? M&#039;encantaria<\/p>","protected":false},"author":1,"featured_media":0,"parent":244,"menu_order":6,"comment_status":"closed","ping_status":"closed","template":"","meta":{"footnotes":""},"class_list":["post-1060","page","type-page","status-publish","hentry"],"yoast_head":"<!-- This site is optimized with the Yoast SEO plugin v27.3 - https:\/\/yoast.com\/product\/yoast-seo-wordpress\/ -->\n<title>Marketing - ehogroup<\/title>\n<meta name=\"robots\" content=\"index, follow, max-snippet:-1, max-image-preview:large, max-video-preview:-1\" \/>\n<link rel=\"canonical\" href=\"https:\/\/eho-group.com\/ca\/equipo\/marketing\/\" \/>\n<meta property=\"og:locale\" content=\"ca_ES\" \/>\n<meta property=\"og:type\" content=\"article\" \/>\n<meta property=\"og:title\" content=\"Marketing - ehogroup\" \/>\n<meta property=\"og:description\" content=\"Conoce a nuestro equipo Todos Direcci\u00f3n Departamento Financiero y Administraci\u00f3n Departamento Comercial Departamento Operativo Departamento de Marketing Departamento de Compras socialmedia@eho-group.com \u00bfQuieres trabajar con nosotros? Me encantar\u00eda\" \/>\n<meta property=\"og:url\" content=\"https:\/\/eho-group.com\/ca\/equipo\/marketing\/\" \/>\n<meta property=\"og:site_name\" content=\"ehogroup\" \/>\n<meta property=\"article:modified_time\" content=\"2026-01-19T11:25:52+00:00\" \/>\n<meta property=\"og:image\" content=\"https:\/\/eho-group.com\/wp-content\/uploads\/2024\/09\/neus-1.webp\" \/>\n\t<meta property=\"og:image:width\" content=\"438\" \/>\n\t<meta property=\"og:image:height\" content=\"398\" \/>\n\t<meta property=\"og:image:type\" content=\"image\/webp\" \/>\n<meta name=\"twitter:card\" content=\"summary_large_image\" \/>\n<meta name=\"twitter:label1\" content=\"Temps estimat de lectura\" \/>\n\t<meta name=\"twitter:data1\" content=\"1 minut\" \/>\n<script type=\"application\/ld+json\" class=\"yoast-schema-graph\">{\"@context\":\"https:\\\/\\\/schema.org\",\"@graph\":[{\"@type\":\"WebPage\",\"@id\":\"https:\\\/\\\/eho-group.com\\\/equipo\\\/marketing\\\/\",\"url\":\"https:\\\/\\\/eho-group.com\\\/equipo\\\/marketing\\\/\",\"name\":\"Marketing - ehogroup\",\"isPartOf\":{\"@id\":\"https:\\\/\\\/eho-group.com\\\/#website\"},\"primaryImageOfPage\":{\"@id\":\"https:\\\/\\\/eho-group.com\\\/equipo\\\/marketing\\\/#primaryimage\"},\"image\":{\"@id\":\"https:\\\/\\\/eho-group.com\\\/equipo\\\/marketing\\\/#primaryimage\"},\"thumbnailUrl\":\"https:\\\/\\\/eho-group.com\\\/wp-content\\\/uploads\\\/2024\\\/09\\\/neus-1.webp\",\"datePublished\":\"2023-12-26T23:39:08+00:00\",\"dateModified\":\"2026-01-19T11:25:52+00:00\",\"breadcrumb\":{\"@id\":\"https:\\\/\\\/eho-group.com\\\/equipo\\\/marketing\\\/#breadcrumb\"},\"inLanguage\":\"ca\",\"potentialAction\":[{\"@type\":\"ReadAction\",\"target\":[\"https:\\\/\\\/eho-group.com\\\/equipo\\\/marketing\\\/\"]}]},{\"@type\":\"ImageObject\",\"inLanguage\":\"ca\",\"@id\":\"https:\\\/\\\/eho-group.com\\\/equipo\\\/marketing\\\/#primaryimage\",\"url\":\"https:\\\/\\\/eho-group.com\\\/wp-content\\\/uploads\\\/2024\\\/09\\\/neus-1.webp\",\"contentUrl\":\"https:\\\/\\\/eho-group.com\\\/wp-content\\\/uploads\\\/2024\\\/09\\\/neus-1.webp\"},{\"@type\":\"BreadcrumbList\",\"@id\":\"https:\\\/\\\/eho-group.com\\\/equipo\\\/marketing\\\/#breadcrumb\",\"itemListElement\":[{\"@type\":\"ListItem\",\"position\":1,\"name\":\"Portada\",\"item\":\"https:\\\/\\\/eho-group.com\\\/\"},{\"@type\":\"ListItem\",\"position\":2,\"name\":\"Equipo\",\"item\":\"https:\\\/\\\/eho-group.com\\\/equipo\\\/\"},{\"@type\":\"ListItem\",\"position\":3,\"name\":\"Marketing\"}]},{\"@type\":\"WebSite\",\"@id\":\"https:\\\/\\\/eho-group.com\\\/#website\",\"url\":\"https:\\\/\\\/eho-group.com\\\/\",\"name\":\"ehogroup\",\"description\":\"\",\"publisher\":{\"@id\":\"https:\\\/\\\/eho-group.com\\\/#organization\"},\"potentialAction\":[{\"@type\":\"SearchAction\",\"target\":{\"@type\":\"EntryPoint\",\"urlTemplate\":\"https:\\\/\\\/eho-group.com\\\/?s={search_term_string}\"},\"query-input\":{\"@type\":\"PropertyValueSpecification\",\"valueRequired\":true,\"valueName\":\"search_term_string\"}}],\"inLanguage\":\"ca\"},{\"@type\":\"Organization\",\"@id\":\"https:\\\/\\\/eho-group.com\\\/#organization\",\"name\":\"ehogroup\",\"url\":\"https:\\\/\\\/eho-group.com\\\/\",\"logo\":{\"@type\":\"ImageObject\",\"inLanguage\":\"ca\",\"@id\":\"https:\\\/\\\/eho-group.com\\\/#\\\/schema\\\/logo\\\/image\\\/\",\"url\":\"https:\\\/\\\/eho-group.com\\\/wp-content\\\/uploads\\\/2023\\\/04\\\/cropped-logo-ehogroup-01.webp\",\"contentUrl\":\"https:\\\/\\\/eho-group.com\\\/wp-content\\\/uploads\\\/2023\\\/04\\\/cropped-logo-ehogroup-01.webp\",\"width\":1080,\"height\":276,\"caption\":\"ehogroup\"},\"image\":{\"@id\":\"https:\\\/\\\/eho-group.com\\\/#\\\/schema\\\/logo\\\/image\\\/\"}}]}<\/script>\n<!-- \/ Yoast SEO plugin. -->","yoast_head_json":{"title":"Marketing - ehogroup","robots":{"index":"index","follow":"follow","max-snippet":"max-snippet:-1","max-image-preview":"max-image-preview:large","max-video-preview":"max-video-preview:-1"},"canonical":"https:\/\/eho-group.com\/ca\/equipo\/marketing\/","og_locale":"ca_ES","og_type":"article","og_title":"Marketing - ehogroup","og_description":"Conoce a nuestro equipo Todos Direcci\u00f3n Departamento Financiero y Administraci\u00f3n Departamento Comercial Departamento Operativo Departamento de Marketing Departamento de Compras socialmedia@eho-group.com \u00bfQuieres trabajar con nosotros? Me encantar\u00eda","og_url":"https:\/\/eho-group.com\/ca\/equipo\/marketing\/","og_site_name":"ehogroup","article_modified_time":"2026-01-19T11:25:52+00:00","og_image":[{"width":438,"height":398,"url":"https:\/\/eho-group.com\/wp-content\/uploads\/2024\/09\/neus-1.webp","type":"image\/webp"}],"twitter_card":"summary_large_image","twitter_misc":{"Temps estimat de lectura":"1 minut"},"schema":{"@context":"https:\/\/schema.org","@graph":[{"@type":"WebPage","@id":"https:\/\/eho-group.com\/equipo\/marketing\/","url":"https:\/\/eho-group.com\/equipo\/marketing\/","name":"Marketing - ehogroup","isPartOf":{"@id":"https:\/\/eho-group.com\/#website"},"primaryImageOfPage":{"@id":"https:\/\/eho-group.com\/equipo\/marketing\/#primaryimage"},"image":{"@id":"https:\/\/eho-group.com\/equipo\/marketing\/#primaryimage"},"thumbnailUrl":"https:\/\/eho-group.com\/wp-content\/uploads\/2024\/09\/neus-1.webp","datePublished":"2023-12-26T23:39:08+00:00","dateModified":"2026-01-19T11:25:52+00:00","breadcrumb":{"@id":"https:\/\/eho-group.com\/equipo\/marketing\/#breadcrumb"},"inLanguage":"ca","potentialAction":[{"@type":"ReadAction","target":["https:\/\/eho-group.com\/equipo\/marketing\/"]}]},{"@type":"ImageObject","inLanguage":"ca","@id":"https:\/\/eho-group.com\/equipo\/marketing\/#primaryimage","url":"https:\/\/eho-group.com\/wp-content\/uploads\/2024\/09\/neus-1.webp","contentUrl":"https:\/\/eho-group.com\/wp-content\/uploads\/2024\/09\/neus-1.webp"},{"@type":"BreadcrumbList","@id":"https:\/\/eho-group.com\/equipo\/marketing\/#breadcrumb","itemListElement":[{"@type":"ListItem","position":1,"name":"Portada","item":"https:\/\/eho-group.com\/"},{"@type":"ListItem","position":2,"name":"Equipo","item":"https:\/\/eho-group.com\/equipo\/"},{"@type":"ListItem","position":3,"name":"Marketing"}]},{"@type":"WebSite","@id":"https:\/\/eho-group.com\/#website","url":"https:\/\/eho-group.com\/","name":"ehogroup","description":"","publisher":{"@id":"https:\/\/eho-group.com\/#organization"},"potentialAction":[{"@type":"SearchAction","target":{"@type":"EntryPoint","urlTemplate":"https:\/\/eho-group.com\/?s={search_term_string}"},"query-input":{"@type":"PropertyValueSpecification","valueRequired":true,"valueName":"search_term_string"}}],"inLanguage":"ca"},{"@type":"Organization","@id":"https:\/\/eho-group.com\/#organization","name":"ehogroup","url":"https:\/\/eho-group.com\/","logo":{"@type":"ImageObject","inLanguage":"ca","@id":"https:\/\/eho-group.com\/#\/schema\/logo\/image\/","url":"https:\/\/eho-group.com\/wp-content\/uploads\/2023\/04\/cropped-logo-ehogroup-01.webp","contentUrl":"https:\/\/eho-group.com\/wp-content\/uploads\/2023\/04\/cropped-logo-ehogroup-01.webp","width":1080,"height":276,"caption":"ehogroup"},"image":{"@id":"https:\/\/eho-group.com\/#\/schema\/logo\/image\/"}}]}},"_links":{"self":[{"href":"https:\/\/eho-group.com\/ca\/wp-json\/wp\/v2\/pages\/1060","targetHints":{"allow":["GET"]}}],"collection":[{"href":"https:\/\/eho-group.com\/ca\/wp-json\/wp\/v2\/pages"}],"about":[{"href":"https:\/\/eho-group.com\/ca\/wp-json\/wp\/v2\/types\/page"}],"author":[{"embeddable":true,"href":"https:\/\/eho-group.com\/ca\/wp-json\/wp\/v2\/users\/1"}],"replies":[{"embeddable":true,"href":"https:\/\/eho-group.com\/ca\/wp-json\/wp\/v2\/comments?post=1060"}],"version-history":[{"count":43,"href":"https:\/\/eho-group.com\/ca\/wp-json\/wp\/v2\/pages\/1060\/revisions"}],"predecessor-version":[{"id":2044,"href":"https:\/\/eho-group.com\/ca\/wp-json\/wp\/v2\/pages\/1060\/revisions\/2044"}],"up":[{"embeddable":true,"href":"https:\/\/eho-group.com\/ca\/wp-json\/wp\/v2\/pages\/244"}],"wp:attachment":[{"href":"https:\/\/eho-group.com\/ca\/wp-json\/wp\/v2\/media?parent=1060"}],"curies":[{"name":"wp","href":"https:\/\/api.w.org\/{rel}","templated":true}]}}