{"id":64,"date":"2023-04-14T13:44:43","date_gmt":"2023-04-14T11:44:43","guid":{"rendered":"https:\/\/eho-group.com\/?page_id=64"},"modified":"2024-01-12T02:03:27","modified_gmt":"2024-01-12T01:03:27","slug":"aviso-legal","status":"publish","type":"page","link":"https:\/\/eho-group.com\/ca\/aviso-legal\/","title":{"rendered":"Av\u00eds legal"},"content":{"rendered":"<div data-elementor-type=\"wp-page\" data-elementor-id=\"64\" class=\"elementor elementor-64\" data-elementor-post-type=\"page\">\n\t\t\t\t\t\t<section class=\"elementor-section elementor-top-section elementor-element elementor-element-9142ad6 elementor-section-boxed elementor-section-height-default elementor-section-height-default\" data-id=\"9142ad6\" data-element_type=\"section\" data-e-type=\"section\">\n\t\t\t\t\t\t<div class=\"elementor-container elementor-column-gap-default\">\n\t\t\t\t\t<div class=\"elementor-column elementor-col-100 elementor-top-column elementor-element elementor-element-5d9f305\" data-id=\"5d9f305\" data-element_type=\"column\" data-e-type=\"column\">\n\t\t\t<div class=\"elementor-widget-wrap elementor-element-populated\">\n\t\t\t\t\t\t<div class=\"elementor-element elementor-element-d8859a2 elementor-widget elementor-widget-text-editor\" data-id=\"d8859a2\" data-element_type=\"widget\" data-e-type=\"widget\" data-widget_type=\"text-editor.default\">\n\t\t\t\t<div class=\"elementor-widget-container\">\n\t\t\t\t\t\t\t\t\t<p><strong>DADES IDENTIFICATIVES: <\/strong><\/p><p>En compliment amb el deure informaci\u00f3 recollit a l'article 10 de la Llei 34\/2002, d'11 de juliol, de Serveis de la Societat de la Informaci\u00f3 i del Comer\u00e7 Electr\u00f2nic (LSSICE), EHO GRUP TURISTIC, SL, us informa del seg\u00fcent :<\/p><ul><li>Denominaci\u00f3 social: EHO GRUP TURISTIC, SL<\/li><li>CIF: B55343222<\/li><li>Domicili social: C\/ Barcelona, 18 Calella (08370), Barcelona.<\/li><li>Inscrita al Registre Mercantil de: Girona, tom 3241, foli 124, full gi-65592 inscripci\u00f3 1<\/li><li>Tel\u00e8fon: 937677832<\/li><li>Email: info@eho-group.com<\/li><\/ul><div>\u00a0<\/div><p><strong>\u00daS DEL PORTAL: <\/strong><\/p><p>El lloc web i els seus serveis s\u00f3n d'acc\u00e9s lliure i gratu\u00eft, per\u00f2 per poder complir amb les finalitats d'alguns dels serveis oferts per l'EHO GRUP TURISTIC, SL l'usuari ha d'emplenar pr\u00e8viament el formulari corresponent. Per tant, si no es faciliten les dades necess\u00e0ries o no ho fa correctament no es podran atendre les sol\u00b7licituds, sens perjudici que podr\u00e0 visualitzar lliurement el contingut del web.<\/p><p><strong>USUARIS: <\/strong><\/p><p>L'acc\u00e9s i\/o \u00fas d'aquest portal atribueix la condici\u00f3 d'USUARI, que accepta, des d'aquest acc\u00e9s i\/o \u00fas, les Condicions Generals d'\u00fas reflectides aqu\u00ed. Les condicions esmentades s\u00f3n aplicables independentment de les condicions generals de contractaci\u00f3 que, si s'escau, resultin de compliment obligat. L'Usuari:<\/p><ul><li>Garanteix que ha informat els tercers dels qui faciliti les seves dades, en cas de fer-ho, dels aspectes continguts en aquest document. Aix\u00ed mateix, garanteix que ha obtingut la seva autoritzaci\u00f3 per facilitar les seves dades a EHO GRUP TURISTIC, SL per als fins assenyalats.<\/li><li>Ser\u00e0 responsable de les informacions falses o inexactes que proporcioni a trav\u00e9s del Lloc Web i dels danys i perjudicis, directes o indirectes, que aix\u00f2 causi a EHO GRUP TURISTIC, SL oa tercers.<\/li><\/ul><p><strong>PROPIETAT INTEL\u00b7LECTUAL I INDUSTRIAL: <\/strong><\/p><p class=\"translation-block\"><span style=\"font-family: var( --e-global-typography-text-font-family ), Sans-serif;font-weight: var( --e-global-typography-text-font-weight );font-size: 1rem\">EHO GRUP TURISTIC, SL<\/span>\u00a0per si o com a cession\u00e0ria, \u00e9s titular de tots els drets de propietat intel\u00b7lectual i industrial de la seva p\u00e0gina web, aix\u00ed com dels elements continguts a la mateixa ( a t\u00edtol enunciatiu, imatges, so, \u00e0udio, v\u00eddeo, programari o textos, marques o logotips, combinacions de colors, estructura i disseny, selecci\u00f3 de materials usats, programes d'ordinador necessaris per al seu funcionament, acc\u00e9s i \u00fas, etc.), titularitat de l'EHO GRUP TURISTIC, SL o b\u00e9 dels seus llicenciants. Tots els drets reservats. En virtut del que disposen els articles 8 i 32.1, par\u00e0graf segon, de la Llei de propietat intel\u00b7lectual, queden expressament prohibides la reproducci\u00f3, la distribuci\u00f3 i la comunicaci\u00f3 p\u00fablica, inclosa la seva modalitat de posada a disposici\u00f3, de la totalitat o part dels continguts d'aquesta p\u00e0gina web, amb finalitats comercials, en qualsevol suport i per qualsevol mitj\u00e0 t\u00e8cnic, sense l'autoritzaci\u00f3 de l'EHO GRUP TURISTIC, SL es compromet a respectar els drets de propietat intel\u00b7lectual i industrial titularitat d'EHO GRUP TURISTIC, SL. Podreu visualitzar els elements del portal i fins i tot imprimir-los, copiar-los i emmagatzemar-los al disc dur del vostre ordinador o en qualsevol altre suport f\u00edsic sempre que sigui, \u00fanica i exclusivament, per al seu \u00fas personal i privat. L'USUARI haur\u00e0 d'abstenir-se de suprimir, alterar, eludir o manipular qualsevol dispositiu de protecci\u00f3 o sistema de seguretat que estigu\u00e9s instal\u00b7lat a les p\u00e0gines de l'EHO GRUP TURISTIC, SL.<\/p><p><strong>EXCLUSI\u00d3 DE GARANTIES I RESPONSABILITAT: <\/strong><\/p><p class=\"translation-block\"><span style=\"font-family: var( --e-global-typography-text-font-family ), Sans-serif;font-weight: var( --e-global-typography-text-font-weight );font-size: 1rem\">EHO GRUP TURISTIC, SL<\/span>\u00a0no es fa responsable, en cap cas, dels danys i perjudicis de qualsevol naturalesa que poguessin ocasionar, a t\u00edtol enunciatiu: errors o omissions en els continguts, manca de disponibilitat del portal o la transmissi\u00f3 de virus o programes maliciosos o lesius en els continguts, malgrat haver adoptat totes les mesures tecnol\u00f2giques necess\u00e0ries per evitar-ho.<\/p><p><strong>MODIFICACIONS: <\/strong><\/p><p class=\"translation-block\"><span style=\"font-family: var( --e-global-typography-text-font-family ), Sans-serif;font-weight: var( --e-global-typography-text-font-weight ) font-size: 1rem\">EHO GRUP TURISTIC, SL<\/span>\u00a0es reserva el dret d'efectuar sense previ av\u00eds les modificacions que consideri oportunes al seu portal, podent canviar, suprimir o afegir tant els continguts i serveis que es prestin a trav\u00e9s de la mateixa com la forma en qu\u00e8 aquests apareguin presentats o localitzats al seu portal.<\/p><p><strong>ENLLA\u00c7OS: <\/strong><\/p><p>En el cas que al portal es disposessin enlla\u00e7os o hipervincles feia altres llocs d'Internet, EHO GRUP TURISTIC, SL no exercir\u00e0 cap tipus de control sobre aquests llocs i continguts. En cap cas l'EHO GRUP TURISTIC, SL assumir\u00e0 cap responsabilitat pels continguts d'algun enlla\u00e7 pertanyent a un lloc web ali\u00e8, ni garantir\u00e0 la disponibilitat t\u00e8cnica, qualitat, fiabilitat, exactitud, amplitud, veracitat, validesa i constitucionalitat de qualsevol material o informaci\u00f3 continguda en cap daquests hipervincles o altres llocs dInternet. Igualment, la inclusi\u00f3 d'aquestes connexions externes no implicar\u00e0 cap tipus d'associaci\u00f3, fusi\u00f3 o participaci\u00f3 amb les entitats connectades.<\/p><p><strong>DRET D'EXCLUSI\u00d3: <\/strong><\/p><p class=\"translation-block\"><span style=\"font-family: var( --e-global-typography-text-font-family ), Sans-serif;font-weight: var( --e-global-typography-text-font-weight ) font-size: 1rem\">EHO GRUP TURISTIC, SL<\/span>\u00a0es reserva el dret a denegar o retirar l'acc\u00e9s a portal i\/o els serveis oferts sense necessitat de preav\u00eds, a inst\u00e0ncia pr\u00f2pia o d'un tercer, a aquells usuaris que incompleixin aquestes Condicions Generals d'\u00das.<\/p><p><strong>GENERALITATS: <\/strong><\/p><p class=\"translation-block\"><span style=\"font-family: var( --e-global-typography-text-font-family ), Sans-serif;font-weight: var( --e-global-typography-text-font-weight ) font-size: 1rem\">EHO GRUP TURISTIC, SL<\/span>\u00a0perseguir\u00e0 l'incompliment de les presents condicions aix\u00ed com qualsevol utilitzaci\u00f3 indeguda del seu portal exercint totes les accions civils i penals que li puguin correspondre en dret.<\/p><p><strong>MODIFICACI\u00d3 DE LES PRESENTS CONDICIONS I DURADA: <\/strong><\/p><p class=\"translation-block\"><span style=\"font-family: var( --e-global-typography-text-font-family ), Sans-serif;font-weight: var( --e-global-typography-text-font-weight ) font-size: 1rem\">EHO GRUP TURISTIC, SL<\/span>\u00a0podr\u00e0 modificar en qualsevol moment les condicions aqu\u00ed determinades, sent degudament publicades com aqu\u00ed apareixen. La vig\u00e8ncia de les condicions esmentades anir\u00e0 en funci\u00f3 de la seva exposici\u00f3 i estaran vigents fins que siguin modificades per altres degudament publicades.<\/p>\t\t\t\t\t\t\t\t<\/div>\n\t\t\t\t<\/div>\n\t\t\t\t\t<\/div>\n\t\t<\/div>\n\t\t\t\t\t<\/div>\n\t\t<\/section>\n\t\t\t\t<\/div>","protected":false},"excerpt":{"rendered":"<p>DATOS IDENTIFICATIVOS: En cumplimiento con el deber de informaci\u00f3n recogido en art\u00edculo 10 de la Ley 34\/2002, de 11 de julio, de Servicios de la Sociedad de la Informaci\u00f3n y del Comercio Electr\u00f3nico (LSSICE), EHO GRUP TURISTIC, SL, le informa de lo siguiente: Denominaci\u00f3n social: EHO GRUP TURISTIC, SL CIF: B55343222 Domicilio social: C\/ Barcelona, [&hellip;]<\/p>\n","protected":false},"author":1,"featured_media":0,"parent":0,"menu_order":0,"comment_status":"closed","ping_status":"closed","template":"","meta":{"footnotes":""},"class_list":["post-64","page","type-page","status-publish","hentry"],"yoast_head":"<!-- This site is optimized with the Yoast SEO plugin v27.4 - https:\/\/yoast.com\/product\/yoast-seo-wordpress\/ -->\n<title>Aviso legal - ehogroup<\/title>\n<meta name=\"robots\" content=\"index, follow, max-snippet:-1, max-image-preview:large, max-video-preview:-1\" \/>\n<link rel=\"canonical\" href=\"https:\/\/eho-group.com\/ca\/aviso-legal\/\" \/>\n<meta property=\"og:locale\" content=\"ca_ES\" \/>\n<meta property=\"og:type\" content=\"article\" \/>\n<meta property=\"og:title\" content=\"Aviso legal - ehogroup\" \/>\n<meta property=\"og:description\" content=\"DATOS IDENTIFICATIVOS: En cumplimiento con el deber de informaci\u00f3n recogido en art\u00edculo 10 de la Ley 34\/2002, de 11 de julio, de Servicios de la Sociedad de la Informaci\u00f3n y del Comercio Electr\u00f3nico (LSSICE), EHO GRUP TURISTIC, SL, le informa de lo siguiente: Denominaci\u00f3n social: EHO GRUP TURISTIC, SL CIF: B55343222 Domicilio social: C\/ Barcelona, [&hellip;]\" \/>\n<meta property=\"og:url\" content=\"https:\/\/eho-group.com\/ca\/aviso-legal\/\" \/>\n<meta property=\"og:site_name\" content=\"ehogroup\" \/>\n<meta property=\"article:modified_time\" content=\"2024-01-12T01:03:27+00:00\" \/>\n<meta name=\"twitter:card\" content=\"summary_large_image\" \/>\n<meta name=\"twitter:label1\" content=\"Temps estimat de lectura\" \/>\n\t<meta name=\"twitter:data1\" content=\"5 minuts\" \/>\n<script type=\"application\/ld+json\" class=\"yoast-schema-graph\">{\"@context\":\"https:\\\/\\\/schema.org\",\"@graph\":[{\"@type\":\"WebPage\",\"@id\":\"https:\\\/\\\/eho-group.com\\\/aviso-legal\\\/\",\"url\":\"https:\\\/\\\/eho-group.com\\\/aviso-legal\\\/\",\"name\":\"Aviso legal - ehogroup\",\"isPartOf\":{\"@id\":\"https:\\\/\\\/eho-group.com\\\/#website\"},\"datePublished\":\"2023-04-14T11:44:43+00:00\",\"dateModified\":\"2024-01-12T01:03:27+00:00\",\"breadcrumb\":{\"@id\":\"https:\\\/\\\/eho-group.com\\\/aviso-legal\\\/#breadcrumb\"},\"inLanguage\":\"ca\",\"potentialAction\":[{\"@type\":\"ReadAction\",\"target\":[\"https:\\\/\\\/eho-group.com\\\/aviso-legal\\\/\"]}]},{\"@type\":\"BreadcrumbList\",\"@id\":\"https:\\\/\\\/eho-group.com\\\/aviso-legal\\\/#breadcrumb\",\"itemListElement\":[{\"@type\":\"ListItem\",\"position\":1,\"name\":\"Portada\",\"item\":\"https:\\\/\\\/eho-group.com\\\/\"},{\"@type\":\"ListItem\",\"position\":2,\"name\":\"Aviso legal\"}]},{\"@type\":\"WebSite\",\"@id\":\"https:\\\/\\\/eho-group.com\\\/#website\",\"url\":\"https:\\\/\\\/eho-group.com\\\/\",\"name\":\"ehogroup\",\"description\":\"\",\"publisher\":{\"@id\":\"https:\\\/\\\/eho-group.com\\\/#organization\"},\"potentialAction\":[{\"@type\":\"SearchAction\",\"target\":{\"@type\":\"EntryPoint\",\"urlTemplate\":\"https:\\\/\\\/eho-group.com\\\/?s={search_term_string}\"},\"query-input\":{\"@type\":\"PropertyValueSpecification\",\"valueRequired\":true,\"valueName\":\"search_term_string\"}}],\"inLanguage\":\"ca\"},{\"@type\":\"Organization\",\"@id\":\"https:\\\/\\\/eho-group.com\\\/#organization\",\"name\":\"ehogroup\",\"url\":\"https:\\\/\\\/eho-group.com\\\/\",\"logo\":{\"@type\":\"ImageObject\",\"inLanguage\":\"ca\",\"@id\":\"https:\\\/\\\/eho-group.com\\\/#\\\/schema\\\/logo\\\/image\\\/\",\"url\":\"https:\\\/\\\/eho-group.com\\\/wp-content\\\/uploads\\\/2023\\\/04\\\/cropped-logo-ehogroup-01.webp\",\"contentUrl\":\"https:\\\/\\\/eho-group.com\\\/wp-content\\\/uploads\\\/2023\\\/04\\\/cropped-logo-ehogroup-01.webp\",\"width\":1080,\"height\":276,\"caption\":\"ehogroup\"},\"image\":{\"@id\":\"https:\\\/\\\/eho-group.com\\\/#\\\/schema\\\/logo\\\/image\\\/\"}}]}<\/script>\n<!-- \/ Yoast SEO plugin. -->","yoast_head_json":{"title":"Aviso legal - ehogroup","robots":{"index":"index","follow":"follow","max-snippet":"max-snippet:-1","max-image-preview":"max-image-preview:large","max-video-preview":"max-video-preview:-1"},"canonical":"https:\/\/eho-group.com\/ca\/aviso-legal\/","og_locale":"ca_ES","og_type":"article","og_title":"Aviso legal - ehogroup","og_description":"DATOS IDENTIFICATIVOS: En cumplimiento con el deber de informaci\u00f3n recogido en art\u00edculo 10 de la Ley 34\/2002, de 11 de julio, de Servicios de la Sociedad de la Informaci\u00f3n y del Comercio Electr\u00f3nico (LSSICE), EHO GRUP TURISTIC, SL, le informa de lo siguiente: Denominaci\u00f3n social: EHO GRUP TURISTIC, SL CIF: B55343222 Domicilio social: C\/ Barcelona, [&hellip;]","og_url":"https:\/\/eho-group.com\/ca\/aviso-legal\/","og_site_name":"ehogroup","article_modified_time":"2024-01-12T01:03:27+00:00","twitter_card":"summary_large_image","twitter_misc":{"Temps estimat de lectura":"5 minuts"},"schema":{"@context":"https:\/\/schema.org","@graph":[{"@type":"WebPage","@id":"https:\/\/eho-group.com\/aviso-legal\/","url":"https:\/\/eho-group.com\/aviso-legal\/","name":"Aviso legal - ehogroup","isPartOf":{"@id":"https:\/\/eho-group.com\/#website"},"datePublished":"2023-04-14T11:44:43+00:00","dateModified":"2024-01-12T01:03:27+00:00","breadcrumb":{"@id":"https:\/\/eho-group.com\/aviso-legal\/#breadcrumb"},"inLanguage":"ca","potentialAction":[{"@type":"ReadAction","target":["https:\/\/eho-group.com\/aviso-legal\/"]}]},{"@type":"BreadcrumbList","@id":"https:\/\/eho-group.com\/aviso-legal\/#breadcrumb","itemListElement":[{"@type":"ListItem","position":1,"name":"Portada","item":"https:\/\/eho-group.com\/"},{"@type":"ListItem","position":2,"name":"Aviso legal"}]},{"@type":"WebSite","@id":"https:\/\/eho-group.com\/#website","url":"https:\/\/eho-group.com\/","name":"ehogroup","description":"","publisher":{"@id":"https:\/\/eho-group.com\/#organization"},"potentialAction":[{"@type":"SearchAction","target":{"@type":"EntryPoint","urlTemplate":"https:\/\/eho-group.com\/?s={search_term_string}"},"query-input":{"@type":"PropertyValueSpecification","valueRequired":true,"valueName":"search_term_string"}}],"inLanguage":"ca"},{"@type":"Organization","@id":"https:\/\/eho-group.com\/#organization","name":"ehogroup","url":"https:\/\/eho-group.com\/","logo":{"@type":"ImageObject","inLanguage":"ca","@id":"https:\/\/eho-group.com\/#\/schema\/logo\/image\/","url":"https:\/\/eho-group.com\/wp-content\/uploads\/2023\/04\/cropped-logo-ehogroup-01.webp","contentUrl":"https:\/\/eho-group.com\/wp-content\/uploads\/2023\/04\/cropped-logo-ehogroup-01.webp","width":1080,"height":276,"caption":"ehogroup"},"image":{"@id":"https:\/\/eho-group.com\/#\/schema\/logo\/image\/"}}]}},"_links":{"self":[{"href":"https:\/\/eho-group.com\/ca\/wp-json\/wp\/v2\/pages\/64","targetHints":{"allow":["GET"]}}],"collection":[{"href":"https:\/\/eho-group.com\/ca\/wp-json\/wp\/v2\/pages"}],"about":[{"href":"https:\/\/eho-group.com\/ca\/wp-json\/wp\/v2\/types\/page"}],"author":[{"embeddable":true,"href":"https:\/\/eho-group.com\/ca\/wp-json\/wp\/v2\/users\/1"}],"replies":[{"embeddable":true,"href":"https:\/\/eho-group.com\/ca\/wp-json\/wp\/v2\/comments?post=64"}],"version-history":[{"count":19,"href":"https:\/\/eho-group.com\/ca\/wp-json\/wp\/v2\/pages\/64\/revisions"}],"predecessor-version":[{"id":1227,"href":"https:\/\/eho-group.com\/ca\/wp-json\/wp\/v2\/pages\/64\/revisions\/1227"}],"wp:attachment":[{"href":"https:\/\/eho-group.com\/ca\/wp-json\/wp\/v2\/media?parent=64"}],"curies":[{"name":"wp","href":"https:\/\/api.w.org\/{rel}","templated":true}]}}