{"id":212,"date":"2023-04-14T16:33:21","date_gmt":"2023-04-14T14:33:21","guid":{"rendered":"https:\/\/eho-group.com\/?page_id=212"},"modified":"2023-04-14T16:34:05","modified_gmt":"2023-04-14T14:34:05","slug":"politica-de-cookies","status":"publish","type":"page","link":"https:\/\/eho-group.com\/en\/politica-de-cookies\/","title":{"rendered":"Cookies policy"},"content":{"rendered":"<div data-elementor-type=\"wp-page\" data-elementor-id=\"212\" class=\"elementor elementor-212\" data-elementor-post-type=\"page\">\n\t\t\t\t\t\t<section class=\"elementor-section elementor-top-section elementor-element elementor-element-16a07c3 elementor-section-stretched elementor-section-boxed elementor-section-height-default elementor-section-height-default\" data-id=\"16a07c3\" data-element_type=\"section\" data-e-type=\"section\" data-settings=\"{&quot;stretch_section&quot;:&quot;section-stretched&quot;}\">\n\t\t\t\t\t\t<div class=\"elementor-container elementor-column-gap-default\">\n\t\t\t\t\t<div class=\"elementor-column elementor-col-100 elementor-top-column elementor-element elementor-element-5869f19\" data-id=\"5869f19\" data-element_type=\"column\" data-e-type=\"column\">\n\t\t\t<div class=\"elementor-widget-wrap elementor-element-populated\">\n\t\t\t\t\t\t<div class=\"elementor-element elementor-element-c91a190 elementor-widget elementor-widget-text-editor\" data-id=\"c91a190\" data-element_type=\"widget\" data-e-type=\"widget\" data-widget_type=\"text-editor.default\">\n\t\t\t\t<div class=\"elementor-widget-container\">\n\t\t\t\t\t\t\t\t\t<p>Access to the Website may involve the use of cookies, although the page may function without their use. Cookies are small files that store information in each user's browser so that the server can recognize certain information that only the server can read. Cookies last for a limited time. No cookie allows you to reveal any telephone, email or other identifying details. Cookies cannot extract any information from the user's hard drive or obtain personal information about it. The only way a user's personal information can become part of a cookie file is if the user personally gives this information to the server. Although cookies help us optimize your reservation process, users who do not wish to receive cookies or who do not want to be informed of their visit can configure their browser for this purpose. All Internet browsers have options available in their settings that allow you to block or allow cookies from specific websites.<\/p><p class=\"translation-block\">Our page and emails with HTML format may use beacons and\/or cookies to compile statistics about the use of our website. A web beacon is an image placed in the message to inform us of the display of said message, with the sole objective of collecting usage statistics. For more information on how to block the use of cookies through the Chrome browser click <a href=\"https:\/\/support.google.com\/chrome\/answer\/95647?hl=es&amp;co=GENIE.Platform=Desktop\" target=\"_blank\" rel=\"noopener\">here<\/a> For more information on how to block the use of cookies through the Explorer browser press <a href=\"https:\/\/support.microsoft.com\/es-es\/ help\/17442\/windows-internet-explorer-delete-manage-cookies\" target=\"_blank\" rel=\"noopener\">here<\/a> For more information on how to block the use of cookies through the Firefox browser press <a href=\"https:\/\/support.mozilla.org\/es\/kb\/habilitar-y-deshabilitar-cookies-sitios-web-rastrear-preferences?redirectlocale=es&amp;redirectslug=habilitar-y-deshabilitar-cookies-que-los- we-sites\" target=\"_blank\" rel=\"noopener\">here<\/a> For more information on how to block the use of cookies through the Safari browser press <a href=\"https:\/\/support.apple. com\/kb\/ph5042?locale=es_LA\" target=\"_blank\" rel=\"noopener\">here<\/a><\/p>\t\t\t\t\t\t\t\t<\/div>\n\t\t\t\t<\/div>\n\t\t\t\t\t<\/div>\n\t\t<\/div>\n\t\t\t\t\t<\/div>\n\t\t<\/section>\n\t\t\t\t<\/div>","protected":false},"excerpt":{"rendered":"<p>El acceso a la Web puede implicar el uso de cookies, aunque la p\u00e1gina puede funcionar sin su uso. Las cookies son archivos peque\u00f1os que almacenan informaci\u00f3n en el navegador de cada usuario de modo que el servidor pueda reconocer cierta informaci\u00f3n que solamente el servidor pueda leer. Las cookies duran un tiempo limitado. Ninguna [&hellip;]<\/p>\n","protected":false},"author":1,"featured_media":0,"parent":0,"menu_order":0,"comment_status":"closed","ping_status":"closed","template":"","meta":{"footnotes":""},"class_list":["post-212","page","type-page","status-publish","hentry"],"yoast_head":"<!-- This site is optimized with the Yoast SEO plugin v27.3 - https:\/\/yoast.com\/product\/yoast-seo-wordpress\/ -->\n<title>Pol\u00edtica de Cookies - ehogroup<\/title>\n<meta name=\"robots\" content=\"index, follow, max-snippet:-1, max-image-preview:large, max-video-preview:-1\" \/>\n<link rel=\"canonical\" href=\"https:\/\/eho-group.com\/en\/politica-de-cookies\/\" \/>\n<meta property=\"og:locale\" content=\"en_US\" \/>\n<meta property=\"og:type\" content=\"article\" \/>\n<meta property=\"og:title\" content=\"Pol\u00edtica de Cookies - ehogroup\" \/>\n<meta property=\"og:description\" content=\"El acceso a la Web puede implicar el uso de cookies, aunque la p\u00e1gina puede funcionar sin su uso. Las cookies son archivos peque\u00f1os que almacenan informaci\u00f3n en el navegador de cada usuario de modo que el servidor pueda reconocer cierta informaci\u00f3n que solamente el servidor pueda leer. Las cookies duran un tiempo limitado. Ninguna [&hellip;]\" \/>\n<meta property=\"og:url\" content=\"https:\/\/eho-group.com\/en\/politica-de-cookies\/\" \/>\n<meta property=\"og:site_name\" content=\"ehogroup\" \/>\n<meta property=\"article:modified_time\" content=\"2023-04-14T14:34:05+00:00\" \/>\n<meta name=\"twitter:card\" content=\"summary_large_image\" \/>\n<meta name=\"twitter:label1\" content=\"Est. reading time\" \/>\n\t<meta name=\"twitter:data1\" content=\"2 minutes\" \/>\n<script type=\"application\/ld+json\" class=\"yoast-schema-graph\">{\"@context\":\"https:\\\/\\\/schema.org\",\"@graph\":[{\"@type\":\"WebPage\",\"@id\":\"https:\\\/\\\/eho-group.com\\\/politica-de-cookies\\\/\",\"url\":\"https:\\\/\\\/eho-group.com\\\/politica-de-cookies\\\/\",\"name\":\"Pol\u00edtica de Cookies - ehogroup\",\"isPartOf\":{\"@id\":\"https:\\\/\\\/eho-group.com\\\/#website\"},\"datePublished\":\"2023-04-14T14:33:21+00:00\",\"dateModified\":\"2023-04-14T14:34:05+00:00\",\"breadcrumb\":{\"@id\":\"https:\\\/\\\/eho-group.com\\\/politica-de-cookies\\\/#breadcrumb\"},\"inLanguage\":\"en-US\",\"potentialAction\":[{\"@type\":\"ReadAction\",\"target\":[\"https:\\\/\\\/eho-group.com\\\/politica-de-cookies\\\/\"]}]},{\"@type\":\"BreadcrumbList\",\"@id\":\"https:\\\/\\\/eho-group.com\\\/politica-de-cookies\\\/#breadcrumb\",\"itemListElement\":[{\"@type\":\"ListItem\",\"position\":1,\"name\":\"Portada\",\"item\":\"https:\\\/\\\/eho-group.com\\\/\"},{\"@type\":\"ListItem\",\"position\":2,\"name\":\"Pol\u00edtica de Cookies\"}]},{\"@type\":\"WebSite\",\"@id\":\"https:\\\/\\\/eho-group.com\\\/#website\",\"url\":\"https:\\\/\\\/eho-group.com\\\/\",\"name\":\"ehogroup\",\"description\":\"\",\"publisher\":{\"@id\":\"https:\\\/\\\/eho-group.com\\\/#organization\"},\"potentialAction\":[{\"@type\":\"SearchAction\",\"target\":{\"@type\":\"EntryPoint\",\"urlTemplate\":\"https:\\\/\\\/eho-group.com\\\/?s={search_term_string}\"},\"query-input\":{\"@type\":\"PropertyValueSpecification\",\"valueRequired\":true,\"valueName\":\"search_term_string\"}}],\"inLanguage\":\"en-US\"},{\"@type\":\"Organization\",\"@id\":\"https:\\\/\\\/eho-group.com\\\/#organization\",\"name\":\"ehogroup\",\"url\":\"https:\\\/\\\/eho-group.com\\\/\",\"logo\":{\"@type\":\"ImageObject\",\"inLanguage\":\"en-US\",\"@id\":\"https:\\\/\\\/eho-group.com\\\/#\\\/schema\\\/logo\\\/image\\\/\",\"url\":\"https:\\\/\\\/eho-group.com\\\/wp-content\\\/uploads\\\/2023\\\/04\\\/cropped-logo-ehogroup-01.webp\",\"contentUrl\":\"https:\\\/\\\/eho-group.com\\\/wp-content\\\/uploads\\\/2023\\\/04\\\/cropped-logo-ehogroup-01.webp\",\"width\":1080,\"height\":276,\"caption\":\"ehogroup\"},\"image\":{\"@id\":\"https:\\\/\\\/eho-group.com\\\/#\\\/schema\\\/logo\\\/image\\\/\"}}]}<\/script>\n<!-- \/ Yoast SEO plugin. -->","yoast_head_json":{"title":"Cookies Policy - ehogroup","robots":{"index":"index","follow":"follow","max-snippet":"max-snippet:-1","max-image-preview":"max-image-preview:large","max-video-preview":"max-video-preview:-1"},"canonical":"https:\/\/eho-group.com\/en\/politica-de-cookies\/","og_locale":"en_US","og_type":"article","og_title":"Pol\u00edtica de Cookies - ehogroup","og_description":"El acceso a la Web puede implicar el uso de cookies, aunque la p\u00e1gina puede funcionar sin su uso. Las cookies son archivos peque\u00f1os que almacenan informaci\u00f3n en el navegador de cada usuario de modo que el servidor pueda reconocer cierta informaci\u00f3n que solamente el servidor pueda leer. Las cookies duran un tiempo limitado. Ninguna [&hellip;]","og_url":"https:\/\/eho-group.com\/en\/politica-de-cookies\/","og_site_name":"ehogroup","article_modified_time":"2023-04-14T14:34:05+00:00","twitter_card":"summary_large_image","twitter_misc":{"Est. reading time":"2 minutes"},"schema":{"@context":"https:\/\/schema.org","@graph":[{"@type":"WebPage","@id":"https:\/\/eho-group.com\/politica-de-cookies\/","url":"https:\/\/eho-group.com\/politica-de-cookies\/","name":"Cookies Policy - ehogroup","isPartOf":{"@id":"https:\/\/eho-group.com\/#website"},"datePublished":"2023-04-14T14:33:21+00:00","dateModified":"2023-04-14T14:34:05+00:00","breadcrumb":{"@id":"https:\/\/eho-group.com\/politica-de-cookies\/#breadcrumb"},"inLanguage":"en-US","potentialAction":[{"@type":"ReadAction","target":["https:\/\/eho-group.com\/politica-de-cookies\/"]}]},{"@type":"BreadcrumbList","@id":"https:\/\/eho-group.com\/politica-de-cookies\/#breadcrumb","itemListElement":[{"@type":"ListItem","position":1,"name":"Portada","item":"https:\/\/eho-group.com\/"},{"@type":"ListItem","position":2,"name":"Pol\u00edtica de Cookies"}]},{"@type":"WebSite","@id":"https:\/\/eho-group.com\/#website","url":"https:\/\/eho-group.com\/","name":"ehogroup","description":"","publisher":{"@id":"https:\/\/eho-group.com\/#organization"},"potentialAction":[{"@type":"SearchAction","target":{"@type":"EntryPoint","urlTemplate":"https:\/\/eho-group.com\/?s={search_term_string}"},"query-input":{"@type":"PropertyValueSpecification","valueRequired":true,"valueName":"search_term_string"}}],"inLanguage":"en-US"},{"@type":"Organization","@id":"https:\/\/eho-group.com\/#organization","name":"ehogroup","url":"https:\/\/eho-group.com\/","logo":{"@type":"ImageObject","inLanguage":"en-US","@id":"https:\/\/eho-group.com\/#\/schema\/logo\/image\/","url":"https:\/\/eho-group.com\/wp-content\/uploads\/2023\/04\/cropped-logo-ehogroup-01.webp","contentUrl":"https:\/\/eho-group.com\/wp-content\/uploads\/2023\/04\/cropped-logo-ehogroup-01.webp","width":1080,"height":276,"caption":"ehogroup"},"image":{"@id":"https:\/\/eho-group.com\/#\/schema\/logo\/image\/"}}]}},"_links":{"self":[{"href":"https:\/\/eho-group.com\/en\/wp-json\/wp\/v2\/pages\/212","targetHints":{"allow":["GET"]}}],"collection":[{"href":"https:\/\/eho-group.com\/en\/wp-json\/wp\/v2\/pages"}],"about":[{"href":"https:\/\/eho-group.com\/en\/wp-json\/wp\/v2\/types\/page"}],"author":[{"embeddable":true,"href":"https:\/\/eho-group.com\/en\/wp-json\/wp\/v2\/users\/1"}],"replies":[{"embeddable":true,"href":"https:\/\/eho-group.com\/en\/wp-json\/wp\/v2\/comments?post=212"}],"version-history":[{"count":7,"href":"https:\/\/eho-group.com\/en\/wp-json\/wp\/v2\/pages\/212\/revisions"}],"predecessor-version":[{"id":219,"href":"https:\/\/eho-group.com\/en\/wp-json\/wp\/v2\/pages\/212\/revisions\/219"}],"wp:attachment":[{"href":"https:\/\/eho-group.com\/en\/wp-json\/wp\/v2\/media?parent=212"}],"curies":[{"name":"wp","href":"https:\/\/api.w.org\/{rel}","templated":true}]}}