{"id":220,"date":"2023-04-14T16:34:53","date_gmt":"2023-04-14T14:34:53","guid":{"rendered":"https:\/\/eho-group.com\/?page_id=220"},"modified":"2023-04-14T16:36:04","modified_gmt":"2023-04-14T14:36:04","slug":"politica-de-privacidad","status":"publish","type":"page","link":"https:\/\/eho-group.com\/en\/politica-de-privacidad\/","title":{"rendered":"Privacy Policy"},"content":{"rendered":"<div data-elementor-type=\"wp-page\" data-elementor-id=\"220\" class=\"elementor elementor-220\" data-elementor-post-type=\"page\">\n\t\t\t\t\t\t<section class=\"elementor-section elementor-top-section elementor-element elementor-element-cf8f0d5 elementor-section-boxed elementor-section-height-default elementor-section-height-default\" data-id=\"cf8f0d5\" data-element_type=\"section\" data-e-type=\"section\">\n\t\t\t\t\t\t<div class=\"elementor-container elementor-column-gap-default\">\n\t\t\t\t\t<div class=\"elementor-column elementor-col-100 elementor-top-column elementor-element elementor-element-6384841\" data-id=\"6384841\" data-element_type=\"column\" data-e-type=\"column\">\n\t\t\t<div class=\"elementor-widget-wrap elementor-element-populated\">\n\t\t\t\t\t\t<div class=\"elementor-element elementor-element-aa9b740 elementor-widget elementor-widget-text-editor\" data-id=\"aa9b740\" data-element_type=\"widget\" data-e-type=\"widget\" data-widget_type=\"text-editor.default\">\n\t\t\t\t<div class=\"elementor-widget-container\">\n\t\t\t\t\t\t\t\t\t<p>In compliance with the provisions of Regulation (EU) 2016\/679 of the European Parliament and of the Council of April 27, 2016 regarding the protection of natural people with regard to the processing of personal data and the free circulation of these data , as well as the rest of the current regulations regarding data protection, the OWNER OF THE WEBSITE informs you of the following:<\/p>\n<p><strong>Who is responsible for the processing of your data?<\/strong><\/p>\n<p>The person responsible for the treatment is the OWNER OF THE WEBSITE whose identifying data is found in point 1 of the LEGAL NOTICE.<\/p>\n<p><strong>For what purpose do we process your personal data?<\/strong><\/p>\n<p>The OWNER OF THE WEBSITE will process the information provided by the user through the Website in order to manage the provision of the requested services and the administrative management derived from them, as well as periodically send newsletters, commercial communications about services, events and news related to the professional activity of the OWNER OF THE WEBSITE when the user authorizes it, and to evaluate the user's candidacy in the event that resumes are collected through the website.<\/p>\n<p><strong>How long will your data be kept?<\/strong><\/p>\n<p>Personal data will be kept as long as the user does not request its deletion and, in any case, for the years necessary to comply with the legal obligations established by current regulations, or to face any possible liabilities that may arise.<\/p>\n<p><strong>What is the legitimacy for the processing of your data?<\/strong><\/p>\n<p>The legitimacy of the OWNER OF THE WEBSITE to carry out the processing of user data is based on the consent of the interested party.<\/p>\n<p><strong>To which recipients will your data be communicated?<\/strong><\/p>\n<p>In general, the data will not be transferred to third parties, unless established by current legislation.<\/p>\n<p><strong>What are the user's rights?<\/strong><\/p>\n<p class=\"translation-block\">The user has the right to obtain confirmation as to whether the OWNER OF THE WEBSITE is processing personal data that concerns him or not. They have the right to access their personal data, as well as to request the rectification of inaccurate data or, where appropriate, request its deletion when, among other reasons, the data is no longer necessary for the purposes for which it was collected. In certain circumstances, the user may request the limitation of the processing of their personal data, in which case they will only be kept blocked for the exercise or defense of claims. In certain circumstances and for reasons related to their particular situation, users may oppose the processing of their data, in which case the OWNER OF THE WEBSITE will stop processing their data, except for compelling legitimate reasons, or the exercise or defense of possible claims. . In addition to the above rights, the user will also have the right to withdraw consent and the right to file a claim with the Control Authority. You have the necessary information at <a href=\"http:\/\/www.agpd.es\" target=\"_self\">www.agpd.es<\/a>. You may materially exercise your rights by providing a copy of your ID or official document that identifies you, by sending an email or by postal mail to the OWNER OF THE WEBSITE, whose identification data is found in point 1 of the LEGAL NOTICE.<\/p>\n<p><strong>What security measures do we implement to protect your data?<\/strong><\/p>\n<p>The OWNER OF THE WEBSITE will treat the User's data at all times in an absolutely confidential manner and maintaining the mandatory duty of secrecy with respect to them, in accordance with the provisions of the applicable regulations, adopting technical and organizational measures for this purpose. necessary to guarantee the security of your data and prevent its alteration, loss, unauthorized processing or access, taking into account the state of technology, the nature of the stored data and the risks to which they are exposed.<\/p>\n<p>\u00a0<\/p>\t\t\t\t\t\t\t\t<\/div>\n\t\t\t\t<\/div>\n\t\t\t\t\t<\/div>\n\t\t<\/div>\n\t\t\t\t\t<\/div>\n\t\t<\/section>\n\t\t\t\t<\/div>","protected":false},"excerpt":{"rendered":"<p>En cumplimiento de lo dispuesto en el Reglamento (UE) 2016\/679 del Parlamento Europeo y del Consejo de 27 de abril de 2016 relativo a la protecci\u00f3n de las personas f\u00edsicas en lo que respecta a tratamiento de datos personales y a la libre circulaci\u00f3n de \u00e9stos datos, as\u00ed como en el resto de normativa vigente [&hellip;]<\/p>\n","protected":false},"author":1,"featured_media":0,"parent":0,"menu_order":0,"comment_status":"closed","ping_status":"closed","template":"","meta":{"footnotes":""},"class_list":["post-220","page","type-page","status-publish","hentry"],"yoast_head":"<!-- This site is optimized with the Yoast SEO plugin v27.4 - https:\/\/yoast.com\/product\/yoast-seo-wordpress\/ -->\n<title>Pol\u00edtica de Privacidad - ehogroup<\/title>\n<meta name=\"robots\" content=\"index, follow, max-snippet:-1, max-image-preview:large, max-video-preview:-1\" \/>\n<link rel=\"canonical\" href=\"https:\/\/eho-group.com\/en\/politica-de-privacidad\/\" \/>\n<meta property=\"og:locale\" content=\"en_US\" \/>\n<meta property=\"og:type\" content=\"article\" \/>\n<meta property=\"og:title\" content=\"Pol\u00edtica de Privacidad - ehogroup\" \/>\n<meta property=\"og:description\" content=\"En cumplimiento de lo dispuesto en el Reglamento (UE) 2016\/679 del Parlamento Europeo y del Consejo de 27 de abril de 2016 relativo a la protecci\u00f3n de las personas f\u00edsicas en lo que respecta a tratamiento de datos personales y a la libre circulaci\u00f3n de \u00e9stos datos, as\u00ed como en el resto de normativa vigente [&hellip;]\" \/>\n<meta property=\"og:url\" content=\"https:\/\/eho-group.com\/en\/politica-de-privacidad\/\" \/>\n<meta property=\"og:site_name\" content=\"ehogroup\" \/>\n<meta property=\"article:modified_time\" content=\"2023-04-14T14:36:04+00:00\" \/>\n<meta name=\"twitter:card\" content=\"summary_large_image\" \/>\n<meta name=\"twitter:label1\" content=\"Est. reading time\" \/>\n\t<meta name=\"twitter:data1\" content=\"3 minutes\" \/>\n<script type=\"application\/ld+json\" class=\"yoast-schema-graph\">{\"@context\":\"https:\\\/\\\/schema.org\",\"@graph\":[{\"@type\":\"WebPage\",\"@id\":\"https:\\\/\\\/eho-group.com\\\/politica-de-privacidad\\\/\",\"url\":\"https:\\\/\\\/eho-group.com\\\/politica-de-privacidad\\\/\",\"name\":\"Pol\u00edtica de Privacidad - ehogroup\",\"isPartOf\":{\"@id\":\"https:\\\/\\\/eho-group.com\\\/#website\"},\"datePublished\":\"2023-04-14T14:34:53+00:00\",\"dateModified\":\"2023-04-14T14:36:04+00:00\",\"breadcrumb\":{\"@id\":\"https:\\\/\\\/eho-group.com\\\/politica-de-privacidad\\\/#breadcrumb\"},\"inLanguage\":\"en-US\",\"potentialAction\":[{\"@type\":\"ReadAction\",\"target\":[\"https:\\\/\\\/eho-group.com\\\/politica-de-privacidad\\\/\"]}]},{\"@type\":\"BreadcrumbList\",\"@id\":\"https:\\\/\\\/eho-group.com\\\/politica-de-privacidad\\\/#breadcrumb\",\"itemListElement\":[{\"@type\":\"ListItem\",\"position\":1,\"name\":\"Portada\",\"item\":\"https:\\\/\\\/eho-group.com\\\/\"},{\"@type\":\"ListItem\",\"position\":2,\"name\":\"Pol\u00edtica de Privacidad\"}]},{\"@type\":\"WebSite\",\"@id\":\"https:\\\/\\\/eho-group.com\\\/#website\",\"url\":\"https:\\\/\\\/eho-group.com\\\/\",\"name\":\"ehogroup\",\"description\":\"\",\"publisher\":{\"@id\":\"https:\\\/\\\/eho-group.com\\\/#organization\"},\"potentialAction\":[{\"@type\":\"SearchAction\",\"target\":{\"@type\":\"EntryPoint\",\"urlTemplate\":\"https:\\\/\\\/eho-group.com\\\/?s={search_term_string}\"},\"query-input\":{\"@type\":\"PropertyValueSpecification\",\"valueRequired\":true,\"valueName\":\"search_term_string\"}}],\"inLanguage\":\"en-US\"},{\"@type\":\"Organization\",\"@id\":\"https:\\\/\\\/eho-group.com\\\/#organization\",\"name\":\"ehogroup\",\"url\":\"https:\\\/\\\/eho-group.com\\\/\",\"logo\":{\"@type\":\"ImageObject\",\"inLanguage\":\"en-US\",\"@id\":\"https:\\\/\\\/eho-group.com\\\/#\\\/schema\\\/logo\\\/image\\\/\",\"url\":\"https:\\\/\\\/eho-group.com\\\/wp-content\\\/uploads\\\/2023\\\/04\\\/cropped-logo-ehogroup-01.webp\",\"contentUrl\":\"https:\\\/\\\/eho-group.com\\\/wp-content\\\/uploads\\\/2023\\\/04\\\/cropped-logo-ehogroup-01.webp\",\"width\":1080,\"height\":276,\"caption\":\"ehogroup\"},\"image\":{\"@id\":\"https:\\\/\\\/eho-group.com\\\/#\\\/schema\\\/logo\\\/image\\\/\"}}]}<\/script>\n<!-- \/ Yoast SEO plugin. -->","yoast_head_json":{"title":"Privacy Policy - ehogroup","robots":{"index":"index","follow":"follow","max-snippet":"max-snippet:-1","max-image-preview":"max-image-preview:large","max-video-preview":"max-video-preview:-1"},"canonical":"https:\/\/eho-group.com\/en\/politica-de-privacidad\/","og_locale":"en_US","og_type":"article","og_title":"Pol\u00edtica de Privacidad - ehogroup","og_description":"En cumplimiento de lo dispuesto en el Reglamento (UE) 2016\/679 del Parlamento Europeo y del Consejo de 27 de abril de 2016 relativo a la protecci\u00f3n de las personas f\u00edsicas en lo que respecta a tratamiento de datos personales y a la libre circulaci\u00f3n de \u00e9stos datos, as\u00ed como en el resto de normativa vigente [&hellip;]","og_url":"https:\/\/eho-group.com\/en\/politica-de-privacidad\/","og_site_name":"ehogroup","article_modified_time":"2023-04-14T14:36:04+00:00","twitter_card":"summary_large_image","twitter_misc":{"Est. reading time":"3 minutes"},"schema":{"@context":"https:\/\/schema.org","@graph":[{"@type":"WebPage","@id":"https:\/\/eho-group.com\/politica-de-privacidad\/","url":"https:\/\/eho-group.com\/politica-de-privacidad\/","name":"Privacy Policy - ehogroup","isPartOf":{"@id":"https:\/\/eho-group.com\/#website"},"datePublished":"2023-04-14T14:34:53+00:00","dateModified":"2023-04-14T14:36:04+00:00","breadcrumb":{"@id":"https:\/\/eho-group.com\/politica-de-privacidad\/#breadcrumb"},"inLanguage":"en-US","potentialAction":[{"@type":"ReadAction","target":["https:\/\/eho-group.com\/politica-de-privacidad\/"]}]},{"@type":"BreadcrumbList","@id":"https:\/\/eho-group.com\/politica-de-privacidad\/#breadcrumb","itemListElement":[{"@type":"ListItem","position":1,"name":"Portada","item":"https:\/\/eho-group.com\/"},{"@type":"ListItem","position":2,"name":"Pol\u00edtica de Privacidad"}]},{"@type":"WebSite","@id":"https:\/\/eho-group.com\/#website","url":"https:\/\/eho-group.com\/","name":"ehogroup","description":"","publisher":{"@id":"https:\/\/eho-group.com\/#organization"},"potentialAction":[{"@type":"SearchAction","target":{"@type":"EntryPoint","urlTemplate":"https:\/\/eho-group.com\/?s={search_term_string}"},"query-input":{"@type":"PropertyValueSpecification","valueRequired":true,"valueName":"search_term_string"}}],"inLanguage":"en-US"},{"@type":"Organization","@id":"https:\/\/eho-group.com\/#organization","name":"ehogroup","url":"https:\/\/eho-group.com\/","logo":{"@type":"ImageObject","inLanguage":"en-US","@id":"https:\/\/eho-group.com\/#\/schema\/logo\/image\/","url":"https:\/\/eho-group.com\/wp-content\/uploads\/2023\/04\/cropped-logo-ehogroup-01.webp","contentUrl":"https:\/\/eho-group.com\/wp-content\/uploads\/2023\/04\/cropped-logo-ehogroup-01.webp","width":1080,"height":276,"caption":"ehogroup"},"image":{"@id":"https:\/\/eho-group.com\/#\/schema\/logo\/image\/"}}]}},"_links":{"self":[{"href":"https:\/\/eho-group.com\/en\/wp-json\/wp\/v2\/pages\/220","targetHints":{"allow":["GET"]}}],"collection":[{"href":"https:\/\/eho-group.com\/en\/wp-json\/wp\/v2\/pages"}],"about":[{"href":"https:\/\/eho-group.com\/en\/wp-json\/wp\/v2\/types\/page"}],"author":[{"embeddable":true,"href":"https:\/\/eho-group.com\/en\/wp-json\/wp\/v2\/users\/1"}],"replies":[{"embeddable":true,"href":"https:\/\/eho-group.com\/en\/wp-json\/wp\/v2\/comments?post=220"}],"version-history":[{"count":4,"href":"https:\/\/eho-group.com\/en\/wp-json\/wp\/v2\/pages\/220\/revisions"}],"predecessor-version":[{"id":224,"href":"https:\/\/eho-group.com\/en\/wp-json\/wp\/v2\/pages\/220\/revisions\/224"}],"wp:attachment":[{"href":"https:\/\/eho-group.com\/en\/wp-json\/wp\/v2\/media?parent=220"}],"curies":[{"name":"wp","href":"https:\/\/api.w.org\/{rel}","templated":true}]}}